{"id":678,"date":"2025-10-07T13:48:21","date_gmt":"2025-10-07T11:48:21","guid":{"rendered":"https:\/\/newronia.com\/?page_id=678"},"modified":"2025-10-07T13:55:31","modified_gmt":"2025-10-07T11:55:31","slug":"optispai","status":"publish","type":"page","link":"https:\/\/newronia.com\/en\/optispai\/","title":{"rendered":"Optispai"},"content":{"rendered":"<p><strong>Optimitzaci\u00f3 d&#8217;espais en palets i contenidors<\/strong><\/p>\n\n\n\n<p>Genera packings \u00f2ptims per comandes reals: decideix&nbsp;quins productes van a cada palet&nbsp;i com disposar-los, complint restriccions d&#8217;al\u00e7ada,&nbsp;pes, apilat, orientacions i fragilitats.<\/p>\n\n\n\n<figure class=\"wp-block-image size-large\"><img loading=\"lazy\" decoding=\"async\" width=\"1024\" height=\"541\" src=\"https:\/\/newronia.com\/wp-content\/uploads\/2025\/10\/image-6-1024x541.png\" alt=\"\" class=\"wp-image-685\" srcset=\"https:\/\/newronia.com\/wp-content\/uploads\/2025\/10\/image-6-1024x541.png 1024w, https:\/\/newronia.com\/wp-content\/uploads\/2025\/10\/image-6-300x159.png 300w, https:\/\/newronia.com\/wp-content\/uploads\/2025\/10\/image-6-768x406.png 768w, https:\/\/newronia.com\/wp-content\/uploads\/2025\/10\/image-6-1536x812.png 1536w, https:\/\/newronia.com\/wp-content\/uploads\/2025\/10\/image-6-18x10.png 18w, https:\/\/newronia.com\/wp-content\/uploads\/2025\/10\/image-6.png 1714w\" sizes=\"auto, (max-width: 1024px) 100vw, 1024px\" \/><\/figure>\n\n\n\n<h3 class=\"wp-block-heading\"><strong>Modes d&#8217;optimitzaci\u00f3<\/strong><\/h3>\n\n\n\n<p>Paletitzaci\u00f3 de caixes de diferents mides i bidons, amb possibilitat de combinar ambdues coses.<\/p>\n\n\n\n<figure class=\"wp-block-image size-full\"><img loading=\"lazy\" decoding=\"async\" width=\"415\" height=\"367\" src=\"https:\/\/newronia.com\/wp-content\/uploads\/2025\/10\/image-2.png\" alt=\"\" class=\"wp-image-681\" srcset=\"https:\/\/newronia.com\/wp-content\/uploads\/2025\/10\/image-2.png 415w, https:\/\/newronia.com\/wp-content\/uploads\/2025\/10\/image-2-300x265.png 300w, https:\/\/newronia.com\/wp-content\/uploads\/2025\/10\/image-2-14x12.png 14w\" sizes=\"auto, (max-width: 415px) 100vw, 415px\" \/><\/figure>\n\n\n\n<figure class=\"wp-block-image size-full\"><img loading=\"lazy\" decoding=\"async\" width=\"460\" height=\"365\" src=\"https:\/\/newronia.com\/wp-content\/uploads\/2025\/10\/image-3.png\" alt=\"\" class=\"wp-image-682\" srcset=\"https:\/\/newronia.com\/wp-content\/uploads\/2025\/10\/image-3.png 460w, https:\/\/newronia.com\/wp-content\/uploads\/2025\/10\/image-3-300x238.png 300w, https:\/\/newronia.com\/wp-content\/uploads\/2025\/10\/image-3-15x12.png 15w\" sizes=\"auto, (max-width: 460px) 100vw, 460px\" \/><\/figure>\n\n\n\n<p>Emplenar contenidors amb els palets generats, tenint en compte que poden haver-se de remuntar.<\/p>\n\n\n\n<figure class=\"wp-block-image size-full\"><img loading=\"lazy\" decoding=\"async\" width=\"429\" height=\"312\" src=\"https:\/\/newronia.com\/wp-content\/uploads\/2025\/10\/image-4.png\" alt=\"\" class=\"wp-image-683\" srcset=\"https:\/\/newronia.com\/wp-content\/uploads\/2025\/10\/image-4.png 429w, https:\/\/newronia.com\/wp-content\/uploads\/2025\/10\/image-4-300x218.png 300w, https:\/\/newronia.com\/wp-content\/uploads\/2025\/10\/image-4-18x12.png 18w\" sizes=\"auto, (max-width: 429px) 100vw, 429px\" \/><\/figure>\n\n\n\n<figure class=\"wp-block-image size-full\"><img loading=\"lazy\" decoding=\"async\" width=\"443\" height=\"311\" src=\"https:\/\/newronia.com\/wp-content\/uploads\/2025\/10\/image-5.png\" alt=\"\" class=\"wp-image-684\" srcset=\"https:\/\/newronia.com\/wp-content\/uploads\/2025\/10\/image-5.png 443w, https:\/\/newronia.com\/wp-content\/uploads\/2025\/10\/image-5-300x211.png 300w, https:\/\/newronia.com\/wp-content\/uploads\/2025\/10\/image-5-18x12.png 18w\" sizes=\"auto, (max-width: 443px) 100vw, 443px\" \/><\/figure>\n\n\n\n<p>Generaci\u00f3 de Packing List en diversos formats (PDF, Excel, CSV).<\/p>\n\n\n\n<figure class=\"wp-block-image size-full\"><img loading=\"lazy\" decoding=\"async\" width=\"863\" height=\"551\" src=\"https:\/\/newronia.com\/wp-content\/uploads\/2025\/10\/image-8.png\" alt=\"\" class=\"wp-image-687\" srcset=\"https:\/\/newronia.com\/wp-content\/uploads\/2025\/10\/image-8.png 863w, https:\/\/newronia.com\/wp-content\/uploads\/2025\/10\/image-8-300x192.png 300w, https:\/\/newronia.com\/wp-content\/uploads\/2025\/10\/image-8-768x490.png 768w, https:\/\/newronia.com\/wp-content\/uploads\/2025\/10\/image-8-18x12.png 18w\" sizes=\"auto, (max-width: 863px) 100vw, 863px\" \/><\/figure>\n\n\n\n<h3 class=\"wp-block-heading\"><strong>Com funciona<\/strong><\/h3>\n\n\n\n<p><strong>1) Inputs<\/strong><\/p>\n\n\n\n<ul class=\"wp-block-list\">\n<li>Llistat d&#8217;articles\u00a0 (tipus, dimensions, pes).<\/li>\n\n\n\n<li>Palets (tipus, tamany, al\u00e7ada\/pes m\u00e0xim).<\/li>\n\n\n\n<li>Regles d&#8217;apilat. Opcional: model\u00a0del contenidor (20&#8217;\/40&#8217;\/HQ).<\/li>\n<\/ul>\n\n\n\n<figure class=\"wp-block-image size-large\"><img loading=\"lazy\" decoding=\"async\" width=\"1024\" height=\"243\" src=\"https:\/\/newronia.com\/wp-content\/uploads\/2025\/10\/image-9-1024x243.png\" alt=\"\" class=\"wp-image-688\" srcset=\"https:\/\/newronia.com\/wp-content\/uploads\/2025\/10\/image-9-1024x243.png 1024w, https:\/\/newronia.com\/wp-content\/uploads\/2025\/10\/image-9-300x71.png 300w, https:\/\/newronia.com\/wp-content\/uploads\/2025\/10\/image-9-768x182.png 768w, https:\/\/newronia.com\/wp-content\/uploads\/2025\/10\/image-9-18x4.png 18w, https:\/\/newronia.com\/wp-content\/uploads\/2025\/10\/image-9.png 1342w\" sizes=\"auto, (max-width: 1024px) 100vw, 1024px\" \/><\/figure>\n\n\n\n<p><strong>2) Optimitzador<\/strong><\/p>\n\n\n\n<ul class=\"wp-block-list\">\n<li>Algorismes de knapsack, bin-packing 3D i heur\u00edstiques h\u00edbrides.<\/li>\n\n\n\n<li>Planificaci\u00f3 en segons o minuts.<\/li>\n\n\n\n<li>Possibilitat d\u2019editar la soluci\u00f3 (moure elements)<\/li>\n<\/ul>\n\n\n\n<figure class=\"wp-block-image size-full\"><img loading=\"lazy\" decoding=\"async\" width=\"761\" height=\"502\" src=\"https:\/\/newronia.com\/wp-content\/uploads\/2025\/10\/image-10.png\" alt=\"\" class=\"wp-image-689\" srcset=\"https:\/\/newronia.com\/wp-content\/uploads\/2025\/10\/image-10.png 761w, https:\/\/newronia.com\/wp-content\/uploads\/2025\/10\/image-10-300x198.png 300w, https:\/\/newronia.com\/wp-content\/uploads\/2025\/10\/image-10-18x12.png 18w\" sizes=\"auto, (max-width: 761px) 100vw, 761px\" \/><\/figure>\n\n\n\n<p><strong>3) Outputs<\/strong><\/p>\n\n\n\n<ul class=\"wp-block-list\">\n<li>Packing per palet.<\/li>\n\n\n\n<li>Visualitzaci\u00f3 gr\u00e0fica.<\/li>\n\n\n\n<li>Fitxers exportables: PDF, CSV\/Excel.<\/li>\n\n\n\n<li>Integraci\u00f3 amb software de tercers (SAP, Navision, APIs, etc.)<\/li>\n<\/ul>\n\n\n\n<figure class=\"wp-block-image size-large\"><img loading=\"lazy\" decoding=\"async\" width=\"1024\" height=\"189\" src=\"https:\/\/newronia.com\/wp-content\/uploads\/2025\/10\/image-11-1024x189.png\" alt=\"\" class=\"wp-image-690\" srcset=\"https:\/\/newronia.com\/wp-content\/uploads\/2025\/10\/image-11-1024x189.png 1024w, https:\/\/newronia.com\/wp-content\/uploads\/2025\/10\/image-11-300x55.png 300w, https:\/\/newronia.com\/wp-content\/uploads\/2025\/10\/image-11-768x142.png 768w, https:\/\/newronia.com\/wp-content\/uploads\/2025\/10\/image-11-18x3.png 18w, https:\/\/newronia.com\/wp-content\/uploads\/2025\/10\/image-11.png 1112w\" sizes=\"auto, (max-width: 1024px) 100vw, 1024px\" \/><\/figure>\n\n\n\n<h3 class=\"wp-block-heading\"><strong>Parlem? Fem un test amb les teves dades<\/strong><\/h3>\n\n\n\n<p>Et mostrem l&#8217;impacte d&#8217;Optispai amb els teus productes, palets i contenidors reals.<\/p>\n\n\n\n<p>Sense comprom\u00eds.<\/p>\n\n\n\n<p><em>Contacte: victor.munoz@newronia.com<\/em><em><\/em><\/p>\n\n\n\n<p><\/p>","protected":false},"excerpt":{"rendered":"<p>Optimitzaci\u00f3 d&#8217;espais en palets i contenidors Genera packings \u00f2ptims per comandes reals: decideix&nbsp;quins productes van a cada palet&nbsp;i com disposar-los, complint restriccions d&#8217;al\u00e7ada,&nbsp;pes, apilat, orientacions i fragilitats. Modes d&#8217;optimitzaci\u00f3 Paletitzaci\u00f3 de caixes de diferents mides i bidons, amb possibilitat de combinar ambdues coses. Emplenar contenidors amb els palets generats, tenint en compte que poden haver-se [&hellip;]<\/p>\n","protected":false},"author":1,"featured_media":0,"parent":0,"menu_order":0,"comment_status":"closed","ping_status":"closed","template":"","meta":{"footnotes":""},"class_list":["post-678","page","type-page","status-publish","hentry"],"_links":{"self":[{"href":"https:\/\/newronia.com\/en\/wp-json\/wp\/v2\/pages\/678","targetHints":{"allow":["GET"]}}],"collection":[{"href":"https:\/\/newronia.com\/en\/wp-json\/wp\/v2\/pages"}],"about":[{"href":"https:\/\/newronia.com\/en\/wp-json\/wp\/v2\/types\/page"}],"author":[{"embeddable":true,"href":"https:\/\/newronia.com\/en\/wp-json\/wp\/v2\/users\/1"}],"replies":[{"embeddable":true,"href":"https:\/\/newronia.com\/en\/wp-json\/wp\/v2\/comments?post=678"}],"version-history":[{"count":2,"href":"https:\/\/newronia.com\/en\/wp-json\/wp\/v2\/pages\/678\/revisions"}],"predecessor-version":[{"id":693,"href":"https:\/\/newronia.com\/en\/wp-json\/wp\/v2\/pages\/678\/revisions\/693"}],"wp:attachment":[{"href":"https:\/\/newronia.com\/en\/wp-json\/wp\/v2\/media?parent=678"}],"curies":[{"name":"wp","href":"https:\/\/api.w.org\/{rel}","templated":true}]}}